{"id":9004111228762480,"date":"2026-04-28T14:39:46","date_gmt":"2026-04-28T14:39:46","guid":{"rendered":"https:\/\/new.subtile.style\/?page_id=9004111228762480"},"modified":"2026-04-28T14:39:52","modified_gmt":"2026-04-28T14:39:52","slug":"cookie-policy","status":"publish","type":"page","link":"https:\/\/new.subtile.style\/?page_id=9004111228762480","title":{"rendered":"Cookie Policy"},"content":{"rendered":"\t\t<div data-elementor-type=\"wp-page\" data-elementor-id=\"9004111228762480\" class=\"elementor elementor-9004111228762480\" data-elementor-post-type=\"page\">\n\t\t\t\t<div class=\"elementor-element elementor-element-1416b9c3 e-flex e-con-boxed e-con e-parent\" data-id=\"1416b9c3\" data-element_type=\"container\" data-e-type=\"container\">\n\t\t\t\t\t<div class=\"e-con-inner\">\n\t\t\t\t<div class=\"elementor-element elementor-element-82049d4 elementor-widget elementor-widget-heading\" data-id=\"82049d4\" data-element_type=\"widget\" data-e-type=\"widget\" data-widget_type=\"heading.default\">\n\t\t\t\t\t<h1 class=\"elementor-heading-title elementor-size-default\">Cookie Policy<\/h1>\t\t\t\t<\/div>\n\t\t\t\t<div class=\"elementor-element elementor-element-70503fc6 elementor-widget elementor-widget-text-editor\" data-id=\"70503fc6\" data-element_type=\"widget\" data-e-type=\"widget\" data-widget_type=\"text-editor.default\">\n\t\t\t\t\t\t\t\t\t<p><strong>1. Qu\u2019est-ce qu\u2019un cookie ?<\/strong><\/p><p>Petit fichier texte stock\u00e9 sur votre appareil, permettant d\u2019assurer le bon fonctionnement du site et d\u2019analyser la fr\u00e9quentation.<\/p>\t\t\t\t\t\t\t\t<\/div>\n\t\t\t\t<div class=\"elementor-element elementor-element-6c5a6528 elementor-widget elementor-widget-text-editor\" data-id=\"6c5a6528\" data-element_type=\"widget\" data-e-type=\"widget\" data-widget_type=\"text-editor.default\">\n\t\t\t\t\t\t\t\t\t<p><strong>2. Cookies utilis\u00e9s :<\/strong><\/p><ul><li>Cookies essentiels : n\u00e9cessaires au fonctionnement du site.<\/li><li>Cookies de mesure d\u2019audience : via Koko Analytics ou Google Analytics.<\/li><li>Cookies tiers : YouTube, Facebook, etc. (uniquement apr\u00e8s consentement).<\/li><\/ul>\t\t\t\t\t\t\t\t<\/div>\n\t\t\t\t<div class=\"elementor-element elementor-element-750cf89d elementor-widget elementor-widget-text-editor\" data-id=\"750cf89d\" data-element_type=\"widget\" data-e-type=\"widget\" data-widget_type=\"text-editor.default\">\n\t\t\t\t\t\t\t\t\t<p><strong>3. Gestion du consentement :<\/strong><\/p><p>Le consentement est g\u00e9r\u00e9 via CookieYes, conforme au RGPD et \u00e0 la CNIL. Vous pouvez modifier vos pr\u00e9f\u00e9rences \u00e0 tout moment via le lien \u201cG\u00e9rer le consentement\u201d.<\/p>\t\t\t\t\t\t\t\t<\/div>\n\t\t\t\t<div class=\"elementor-element elementor-element-368bbbe1 elementor-widget elementor-widget-text-editor\" data-id=\"368bbbe1\" data-element_type=\"widget\" data-e-type=\"widget\" data-widget_type=\"text-editor.default\">\n\t\t\t\t\t\t\t\t\t<p><strong>4. Dur\u00e9e de conservation :<\/strong><\/p><p>Les cookies sont conserv\u00e9s au maximum 13 mois.<\/p>\t\t\t\t\t\t\t\t<\/div>\n\t\t\t\t<div class=\"elementor-element elementor-element-2f5171fd elementor-widget elementor-widget-text-editor\" data-id=\"2f5171fd\" data-element_type=\"widget\" data-e-type=\"widget\" data-widget_type=\"text-editor.default\">\n\t\t\t\t\t\t\t\t\t<p><strong>5. Contact :<\/strong><\/p><p>Pour toute question : info@beclicked.agency<\/p>\t\t\t\t\t\t\t\t<\/div>\n\t\t\t\t\t<\/div>\n\t\t\t\t<\/div>\n\t\t\t\t<\/div>\n\t\t","protected":false},"excerpt":{"rendered":"<p>1. Qu\u2019est-ce qu\u2019un cookie ? Petit fichier texte stock\u00e9 sur votre appareil, permettant d\u2019assurer le bon fonctionnement du site et d\u2019analyser la fr\u00e9quentation. 2. Cookies utilis\u00e9s : Cookies essentiels : n\u00e9cessaires au fonctionnement du site. Cookies de mesure d\u2019audience : via Koko Analytics ou Google Analytics. Cookies tiers : YouTube, Facebook, etc. (uniquement apr\u00e8s consentement). [&hellip;]<\/p>\n","protected":false},"author":1,"featured_media":0,"parent":0,"menu_order":0,"comment_status":"closed","ping_status":"closed","template":"elementor_header_footer","meta":{"_acf_changed":false,"_seopress_robots_primary_cat":"","_seopress_titles_title":"","_seopress_titles_desc":"","_seopress_robots_index":"","_surecart_dashboard_logo_width":"180px","_surecart_dashboard_show_logo":true,"_surecart_dashboard_navigation_orders":true,"_surecart_dashboard_navigation_invoices":true,"_surecart_dashboard_navigation_subscriptions":true,"_surecart_dashboard_navigation_downloads":true,"_surecart_dashboard_navigation_billing":true,"_surecart_dashboard_navigation_account":true,"footnotes":""},"class_list":["post-9004111228762480","page","type-page","status-publish","hentry"],"acf":[],"_links":{"self":[{"href":"https:\/\/new.subtile.style\/index.php?rest_route=\/wp\/v2\/pages\/9004111228762480","targetHints":{"allow":["GET"]}}],"collection":[{"href":"https:\/\/new.subtile.style\/index.php?rest_route=\/wp\/v2\/pages"}],"about":[{"href":"https:\/\/new.subtile.style\/index.php?rest_route=\/wp\/v2\/types\/page"}],"author":[{"embeddable":true,"href":"https:\/\/new.subtile.style\/index.php?rest_route=\/wp\/v2\/users\/1"}],"replies":[{"embeddable":true,"href":"https:\/\/new.subtile.style\/index.php?rest_route=%2Fwp%2Fv2%2Fcomments&post=9004111228762480"}],"version-history":[{"count":4,"href":"https:\/\/new.subtile.style\/index.php?rest_route=\/wp\/v2\/pages\/9004111228762480\/revisions"}],"predecessor-version":[{"id":9004111228762486,"href":"https:\/\/new.subtile.style\/index.php?rest_route=\/wp\/v2\/pages\/9004111228762480\/revisions\/9004111228762486"}],"wp:attachment":[{"href":"https:\/\/new.subtile.style\/index.php?rest_route=%2Fwp%2Fv2%2Fmedia&parent=9004111228762480"}],"curies":[{"name":"wp","href":"https:\/\/api.w.org\/{rel}","templated":true}]}}