{"id":9004111228762473,"date":"2026-04-28T14:38:53","date_gmt":"2026-04-28T14:38:53","guid":{"rendered":"https:\/\/new.subtile.style\/?page_id=9004111228762473"},"modified":"2026-04-28T14:38:57","modified_gmt":"2026-04-28T14:38:57","slug":"privacy-policy-2","status":"publish","type":"page","link":"https:\/\/new.subtile.style\/?page_id=9004111228762473","title":{"rendered":"Privacy Policy"},"content":{"rendered":"\t\t<div data-elementor-type=\"wp-page\" data-elementor-id=\"9004111228762473\" class=\"elementor elementor-9004111228762473\" data-elementor-post-type=\"page\">\n\t\t\t\t<div class=\"elementor-element elementor-element-2d1af691 e-flex e-con-boxed e-con e-parent\" data-id=\"2d1af691\" data-element_type=\"container\" data-e-type=\"container\">\n\t\t\t\t\t<div class=\"e-con-inner\">\n\t\t\t\t<div class=\"elementor-element elementor-element-9f74403 elementor-widget elementor-widget-heading\" data-id=\"9f74403\" data-element_type=\"widget\" data-e-type=\"widget\" data-widget_type=\"heading.default\">\n\t\t\t\t\t<h1 class=\"elementor-heading-title elementor-size-default\">Privacy Policy<\/h1>\t\t\t\t<\/div>\n\t\t\t\t<div class=\"elementor-element elementor-element-ee3ddda elementor-widget elementor-widget-text-editor\" data-id=\"ee3ddda\" data-element_type=\"widget\" data-e-type=\"widget\" data-widget_type=\"text-editor.default\">\n\t\t\t\t\t\t\t\t\t<p><strong>1. Objet<\/strong><\/p><p>La pr\u00e9sente politique d\u00e9crit la mani\u00e8re dont nous collectons, utilisons et prot\u00e9geons vos donn\u00e9es personnelles.<\/p>\t\t\t\t\t\t\t\t<\/div>\n\t\t\t\t<div class=\"elementor-element elementor-element-3ce06e22 elementor-widget elementor-widget-text-editor\" data-id=\"3ce06e22\" data-element_type=\"widget\" data-e-type=\"widget\" data-widget_type=\"text-editor.default\">\n\t\t\t\t\t\t\t\t\t<p><strong>2. Donn\u00e9es collect\u00e9es :<\/strong><\/p><ul><li>Formulaires : nom, pr\u00e9nom, e-mail, message.<\/li><li>Prise de rendez-vous : nom, e-mail, informations li\u00e9es au projet.<\/li><li>Newsletter \/ CRM : e-mail et pr\u00e9nom (facultatif).<\/li><li>Statistiques : donn\u00e9es anonymis\u00e9es via Koko Analytics ou Google Analytics.<\/li><\/ul>\t\t\t\t\t\t\t\t<\/div>\n\t\t\t\t<div class=\"elementor-element elementor-element-6c286445 elementor-widget elementor-widget-text-editor\" data-id=\"6c286445\" data-element_type=\"widget\" data-e-type=\"widget\" data-widget_type=\"text-editor.default\">\n\t\t\t\t\t\t\t\t\t<p><strong>3. Finalit\u00e9s :<\/strong><\/p><p>Vos donn\u00e9es sont utilis\u00e9es pour :<\/p><ul><li>r\u00e9pondre \u00e0 vos demandes,<\/li><li>vous recontacter dans le cadre de nos services,<\/li><li>vous informer de nos actualit\u00e9s si vous \u00eates abonn\u00e9,<\/li><li>am\u00e9liorer le site et sa s\u00e9curit\u00e9.<\/li><\/ul>\t\t\t\t\t\t\t\t<\/div>\n\t\t\t\t<div class=\"elementor-element elementor-element-406dc1b9 elementor-widget elementor-widget-text-editor\" data-id=\"406dc1b9\" data-element_type=\"widget\" data-e-type=\"widget\" data-widget_type=\"text-editor.default\">\n\t\t\t\t\t\t\t\t\t<p><strong>4. Base l\u00e9gale :<\/strong><\/p><p>Traitement fond\u00e9 sur le consentement ou l\u2019ex\u00e9cution d\u2019un contrat.<\/p>\t\t\t\t\t\t\t\t<\/div>\n\t\t\t\t<div class=\"elementor-element elementor-element-2b7efec5 elementor-widget elementor-widget-text-editor\" data-id=\"2b7efec5\" data-element_type=\"widget\" data-e-type=\"widget\" data-widget_type=\"text-editor.default\">\n\t\t\t\t\t\t\t\t\t<p><strong>5. Dur\u00e9e de conservation :<\/strong><\/p><p>Les donn\u00e9es sont conserv\u00e9es uniquement le temps n\u00e9cessaire \u00e0 la finalit\u00e9 pour laquelle elles ont \u00e9t\u00e9 collect\u00e9es.<\/p>\t\t\t\t\t\t\t\t<\/div>\n\t\t\t\t<div class=\"elementor-element elementor-element-2c2f43a8 elementor-widget elementor-widget-text-editor\" data-id=\"2c2f43a8\" data-element_type=\"widget\" data-e-type=\"widget\" data-widget_type=\"text-editor.default\">\n\t\t\t\t\t\t\t\t\t<p><strong>6. Destinataires :<\/strong><\/p><p>Les donn\u00e9es ne sont transmises qu\u2019aux prestataires n\u00e9cessaires \u00e0 l\u2019ex\u00e9cution des services (h\u00e9bergeur, e-mailing, etc.).<\/p>\t\t\t\t\t\t\t\t<\/div>\n\t\t\t\t<div class=\"elementor-element elementor-element-48aadd57 elementor-widget elementor-widget-text-editor\" data-id=\"48aadd57\" data-element_type=\"widget\" data-e-type=\"widget\" data-widget_type=\"text-editor.default\">\n\t\t\t\t\t\t\t\t\t<p><strong>7. S\u00e9curit\u00e9 :<\/strong><\/p><p>Connexion HTTPS, h\u00e9bergement europ\u00e9en (Infomaniak), mesures de protection techniques et organisationnelles.<\/p>\t\t\t\t\t\t\t\t<\/div>\n\t\t\t\t<div class=\"elementor-element elementor-element-51fe4017 elementor-widget elementor-widget-text-editor\" data-id=\"51fe4017\" data-element_type=\"widget\" data-e-type=\"widget\" data-widget_type=\"text-editor.default\">\n\t\t\t\t\t\t\t\t\t<p><strong>8. Vos droits :<\/strong><\/p><p>Vous disposez de droits d\u2019acc\u00e8s, rectification, effacement et opposition. Contact : info@beclicked.agency<\/p>\t\t\t\t\t\t\t\t<\/div>\n\t\t\t\t\t<\/div>\n\t\t\t\t<\/div>\n\t\t\t\t<\/div>\n\t\t","protected":false},"excerpt":{"rendered":"<p>1. Objet La pr\u00e9sente politique d\u00e9crit la mani\u00e8re dont nous collectons, utilisons et prot\u00e9geons vos donn\u00e9es personnelles. 2. Donn\u00e9es collect\u00e9es : Formulaires : nom, pr\u00e9nom, e-mail, message. Prise de rendez-vous : nom, e-mail, informations li\u00e9es au projet. Newsletter \/ CRM : e-mail et pr\u00e9nom (facultatif). Statistiques : donn\u00e9es anonymis\u00e9es via Koko Analytics ou Google Analytics. [&hellip;]<\/p>\n","protected":false},"author":1,"featured_media":0,"parent":0,"menu_order":0,"comment_status":"closed","ping_status":"closed","template":"elementor_header_footer","meta":{"_acf_changed":false,"_seopress_robots_primary_cat":"","_seopress_titles_title":"","_seopress_titles_desc":"","_seopress_robots_index":"","_surecart_dashboard_logo_width":"180px","_surecart_dashboard_show_logo":true,"_surecart_dashboard_navigation_orders":true,"_surecart_dashboard_navigation_invoices":true,"_surecart_dashboard_navigation_subscriptions":true,"_surecart_dashboard_navigation_downloads":true,"_surecart_dashboard_navigation_billing":true,"_surecart_dashboard_navigation_account":true,"footnotes":""},"class_list":["post-9004111228762473","page","type-page","status-publish","hentry"],"acf":[],"_links":{"self":[{"href":"https:\/\/new.subtile.style\/index.php?rest_route=\/wp\/v2\/pages\/9004111228762473","targetHints":{"allow":["GET"]}}],"collection":[{"href":"https:\/\/new.subtile.style\/index.php?rest_route=\/wp\/v2\/pages"}],"about":[{"href":"https:\/\/new.subtile.style\/index.php?rest_route=\/wp\/v2\/types\/page"}],"author":[{"embeddable":true,"href":"https:\/\/new.subtile.style\/index.php?rest_route=\/wp\/v2\/users\/1"}],"replies":[{"embeddable":true,"href":"https:\/\/new.subtile.style\/index.php?rest_route=%2Fwp%2Fv2%2Fcomments&post=9004111228762473"}],"version-history":[{"count":4,"href":"https:\/\/new.subtile.style\/index.php?rest_route=\/wp\/v2\/pages\/9004111228762473\/revisions"}],"predecessor-version":[{"id":9004111228762479,"href":"https:\/\/new.subtile.style\/index.php?rest_route=\/wp\/v2\/pages\/9004111228762473\/revisions\/9004111228762479"}],"wp:attachment":[{"href":"https:\/\/new.subtile.style\/index.php?rest_route=%2Fwp%2Fv2%2Fmedia&parent=9004111228762473"}],"curies":[{"name":"wp","href":"https:\/\/api.w.org\/{rel}","templated":true}]}}