{"id":9004111228762462,"date":"2026-04-28T14:37:05","date_gmt":"2026-04-28T14:37:05","guid":{"rendered":"https:\/\/new.subtile.style\/?page_id=9004111228762462"},"modified":"2026-04-28T14:37:43","modified_gmt":"2026-04-28T14:37:43","slug":"legal-notices","status":"publish","type":"page","link":"https:\/\/new.subtile.style\/?page_id=9004111228762462","title":{"rendered":"Legal Notices"},"content":{"rendered":"\t\t<div data-elementor-type=\"wp-page\" data-elementor-id=\"9004111228762462\" class=\"elementor elementor-9004111228762462\" data-elementor-post-type=\"page\">\n\t\t\t\t<div class=\"elementor-element elementor-element-55918870 e-flex e-con-boxed e-con e-parent\" data-id=\"55918870\" data-element_type=\"container\" data-e-type=\"container\">\n\t\t\t\t\t<div class=\"e-con-inner\">\n\t\t\t\t<div class=\"elementor-element elementor-element-3b146ea4 elementor-widget elementor-widget-heading\" data-id=\"3b146ea4\" data-element_type=\"widget\" data-e-type=\"widget\" data-widget_type=\"heading.default\">\n\t\t\t\t\t<h1 class=\"elementor-heading-title elementor-size-default\">Legal Notices<\/h1>\t\t\t\t<\/div>\n\t\t\t\t<div class=\"elementor-element elementor-element-3583f9bf elementor-widget elementor-widget-text-editor\" data-id=\"3583f9bf\" data-element_type=\"widget\" data-e-type=\"widget\" data-widget_type=\"text-editor.default\">\n\t\t\t\t\t\t\t\t\t<p><strong>\u00c9diteur du site :<\/strong><\/p><p>Be Clicked Agency O\u00dc<\/p><p>Si\u00e8ge social : Mannimae, Pudisoo kula, Kuusalu vald Harju Maakond, 74626 Estonie<\/p><p>TVA : EE102116834<\/p><p>Email de contact : info@beclicked.agency<\/p><p>Responsable de publication : Eric Brulmans<\/p>\t\t\t\t\t\t\t\t<\/div>\n\t\t\t\t<div class=\"elementor-element elementor-element-3882598 elementor-widget elementor-widget-text-editor\" data-id=\"3882598\" data-element_type=\"widget\" data-e-type=\"widget\" data-widget_type=\"text-editor.default\">\n\t\t\t\t\t\t\t\t\t<p><strong>H\u00e9bergement :<\/strong><\/p><p>Le site est h\u00e9berg\u00e9 par : Infomaniak Network SA Rue Eug\u00e8ne-Marziano 25 1227 Les Acacias, Gen\u00e8ve \u2013 Suisse<\/p><p>Site : https:\/\/www.infomaniak.com<\/p>\t\t\t\t\t\t\t\t<\/div>\n\t\t\t\t<div class=\"elementor-element elementor-element-6d56577a elementor-widget elementor-widget-text-editor\" data-id=\"6d56577a\" data-element_type=\"widget\" data-e-type=\"widget\" data-widget_type=\"text-editor.default\">\n\t\t\t\t\t\t\t\t\t<p><strong>Propri\u00e9t\u00e9 intellectuelle :<\/strong><\/p><p>L\u2019ensemble du contenu du site beclicked.agency est prot\u00e9g\u00e9 par le droit d\u2019auteur.<\/p><p>Toute reproduction ou adaptation sans autorisation \u00e9crite est interdite.<\/p>\t\t\t\t\t\t\t\t<\/div>\n\t\t\t\t<div class=\"elementor-element elementor-element-545b0b0c elementor-widget elementor-widget-text-editor\" data-id=\"545b0b0c\" data-element_type=\"widget\" data-e-type=\"widget\" data-widget_type=\"text-editor.default\">\n\t\t\t\t\t\t\t\t\t<p><strong>Responsabilit\u00e9 :<\/strong><\/p><p>L\u2019\u00e9diteur ne peut \u00eatre tenu responsable de dommages r\u00e9sultant de l\u2019utilisation du site ou de son indisponibilit\u00e9 temporaire.<\/p>\t\t\t\t\t\t\t\t<\/div>\n\t\t\t\t\t<\/div>\n\t\t\t\t<\/div>\n\t\t\t\t<\/div>\n\t\t","protected":false},"excerpt":{"rendered":"<p>\u00c9diteur du site : Be Clicked Agency O\u00dc Si\u00e8ge social : Mannimae, Pudisoo kula, Kuusalu vald Harju Maakond, 74626 Estonie TVA : EE102116834 Email de contact : info@beclicked.agency Responsable de publication : Eric Brulmans H\u00e9bergement : Le site est h\u00e9berg\u00e9 par : Infomaniak Network SA Rue Eug\u00e8ne-Marziano 25 1227 Les Acacias, Gen\u00e8ve \u2013 Suisse Site [&hellip;]<\/p>\n","protected":false},"author":1,"featured_media":0,"parent":0,"menu_order":0,"comment_status":"closed","ping_status":"closed","template":"elementor_header_footer","meta":{"_acf_changed":false,"_seopress_robots_primary_cat":"","_seopress_titles_title":"","_seopress_titles_desc":"","_seopress_robots_index":"","_surecart_dashboard_logo_width":"180px","_surecart_dashboard_show_logo":true,"_surecart_dashboard_navigation_orders":true,"_surecart_dashboard_navigation_invoices":true,"_surecart_dashboard_navigation_subscriptions":true,"_surecart_dashboard_navigation_downloads":true,"_surecart_dashboard_navigation_billing":true,"_surecart_dashboard_navigation_account":true,"footnotes":""},"class_list":["post-9004111228762462","page","type-page","status-publish","hentry"],"acf":[],"_links":{"self":[{"href":"https:\/\/new.subtile.style\/index.php?rest_route=\/wp\/v2\/pages\/9004111228762462","targetHints":{"allow":["GET"]}}],"collection":[{"href":"https:\/\/new.subtile.style\/index.php?rest_route=\/wp\/v2\/pages"}],"about":[{"href":"https:\/\/new.subtile.style\/index.php?rest_route=\/wp\/v2\/types\/page"}],"author":[{"embeddable":true,"href":"https:\/\/new.subtile.style\/index.php?rest_route=\/wp\/v2\/users\/1"}],"replies":[{"embeddable":true,"href":"https:\/\/new.subtile.style\/index.php?rest_route=%2Fwp%2Fv2%2Fcomments&post=9004111228762462"}],"version-history":[{"count":5,"href":"https:\/\/new.subtile.style\/index.php?rest_route=\/wp\/v2\/pages\/9004111228762462\/revisions"}],"predecessor-version":[{"id":9004111228762472,"href":"https:\/\/new.subtile.style\/index.php?rest_route=\/wp\/v2\/pages\/9004111228762462\/revisions\/9004111228762472"}],"wp:attachment":[{"href":"https:\/\/new.subtile.style\/index.php?rest_route=%2Fwp%2Fv2%2Fmedia&parent=9004111228762462"}],"curies":[{"name":"wp","href":"https:\/\/api.w.org\/{rel}","templated":true}]}}